{"id":5,"date":"2017-01-30T14:55:34","date_gmt":"2017-01-30T13:55:34","guid":{"rendered":"http:\/\/demos.artbees.net\/jupiter5\/hermes\/?page_id=5"},"modified":"2018-06-08T15:20:12","modified_gmt":"2018-06-08T13:20:12","slug":"accueil","status":"publish","type":"page","link":"https:\/\/xl-betonnage.ch\/de\/","title":{"rendered":"Home"},"content":{"rendered":"<div class=\"wpb-content-wrapper\">[vc_row][vc_column][mk_padding_divider size=&#8220;80&#8243;][\/vc_column][\/vc_row][vc_row][vc_column width=&#8220;1\/4&#8243;][\/vc_column][vc_column width=&#8220;1\/2&#8243;][mk_fancy_title tag_name=&#8220;h1&#8243; color=&#8220;#454545&#8243; size=&#8220;64&#8243; force_font_size=&#8220;true&#8220; size_phone=&#8220;35&#8243; font_weight=&#8220;600&#8243; txt_transform=&#8220;none&#8220; margin_bottom=&#8220;0&#8243; font_family=&#8220;none&#8220; align=&#8220;center&#8220;]Wir sind Beton[\/mk_fancy_title][vc_column_text disable_pattern=&#8220;false&#8220; align=&#8220;center&#8220; css=&#8220;.vc_custom_1528462662184{margin-bottom: 0px !important;}&#8220;]XL B\u00c9TONNAGE ist Ihr Experte f\u00fcr Betonb\u00f6den. Wir arbeiten nach dem neusten Stand der Technik und sind Spezialist f\u00fcr Handwerk. Wir erstellen Ihre Industrieb\u00f6den mit hoher Pr\u00e4zision. Unser Know-how hinterl\u00e4sst sowohl bei der Vorbereitung als auch bei der Ausf\u00fchrung eine klare Handschrift.[\/vc_column_text][\/vc_column][vc_column width=&#8220;1\/4&#8243;][\/vc_column][\/vc_row][vc_row][vc_column][mk_padding_divider size=&#8220;60&#8243;][\/vc_column][\/vc_row][vc_row][vc_column][mk_image src=&#8220;https:\/\/xl-betonnage.ch\/wp-content\/uploads\/2018\/02\/joints-beton-1.jpg&#8220; image_size=&#8220;full&#8220; align=&#8220;center&#8220; margin_bottom=&#8220;0&#8243;][\/vc_column][\/vc_row][vc_row][vc_column][mk_padding_divider size=&#8220;160&#8243;][\/vc_column][\/vc_row][vc_row][vc_column width=&#8220;1\/4&#8243;][\/vc_column][vc_column width=&#8220;1\/2&#8243;][mk_fancy_title tag_name=&#8220;h3&#8243; color=&#8220;#454545&#8243; size=&#8220;35&#8243; force_font_size=&#8220;true&#8220; size_tablet=&#8220;25&#8243; size_phone=&#8220;25&#8243; font_weight=&#8220;bold&#8220; txt_transform=&#8220;none&#8220; letter_spacing=&#8220;1&#8243; margin_bottom=&#8220;0&#8243; font_family=&#8220;none&#8220; align=&#8220;center&#8220;]Beton ist f\u00fcr unz\u00e4hlige Bauten der einfachste, aber auch solideste Baustoff \u2013 sofern man seine Eigenschaften, St\u00e4rken und Schw\u00e4chen kennt und richtig handhabt.[\/mk_fancy_title][\/vc_column][vc_column width=&#8220;1\/4&#8243;][\/vc_column][\/vc_row][vc_row][vc_column][mk_padding_divider size=&#8220;160&#8243;][\/vc_column][\/vc_row][vc_row][vc_column width=&#8220;1\/3&#8243;][mk_image src=&#8220;https:\/\/xl-betonnage.ch\/wp-content\/uploads\/2018\/02\/laserscreed.jpg&#8220; image_size=&#8220;full&#8220; margin_bottom=&#8220;40&#8243;][mk_fancy_title tag_name=&#8220;h4&#8243; color=&#8220;#454545&#8243; size=&#8220;16&#8243; font_weight=&#8220;600&#8243; txt_transform=&#8220;uppercase&#8220; letter_spacing=&#8220;2&#8243; margin_bottom=&#8220;10&#8243; font_family=&#8220;none&#8220;]Vorbereitung[\/mk_fancy_title][vc_column_text disable_pattern=&#8220;false&#8220; css=&#8220;.vc_custom_1528462714611{margin-bottom: 0px !important;}&#8220;]Die Vorbereitung des Betonierens ist f\u00fcr die Qualit\u00e4t des Endwerks von grosser Bedeutung. Wir nehmen R\u00fccksicht auf Ihre W\u00fcnsche und beraten Sie gerne.[\/vc_column_text][\/vc_column][vc_column width=&#8220;1\/3&#8243;][mk_image src=&#8220;https:\/\/xl-betonnage.ch\/wp-content\/uploads\/2018\/04\/betonnage-fers.jpg&#8220; image_size=&#8220;full&#8220; margin_bottom=&#8220;40&#8243;][mk_fancy_title tag_name=&#8220;h4&#8243; color=&#8220;#454545&#8243; size=&#8220;16&#8243; font_weight=&#8220;600&#8243; txt_transform=&#8220;uppercase&#8220; letter_spacing=&#8220;2&#8243; margin_bottom=&#8220;10&#8243; font_family=&#8220;none&#8220;]betonieren[\/mk_fancy_title][vc_column_text disable_pattern=&#8220;false&#8220; css=&#8220;.vc_custom_1528462719202{margin-bottom: 0px !important;}&#8220;]Diese entscheidende Phase verlangt hohe Pr\u00e4zision. Dank unserer Technologie und unseres Know-hows garantieren wir eine Planimetrie von bis zu 5 Millimetern auf einer Abziehschiene von 4 Metern.[\/vc_column_text][\/vc_column][vc_column width=&#8220;1\/3&#8243;][mk_image src=&#8220;https:\/\/xl-betonnage.ch\/wp-content\/uploads\/2018\/02\/finition.jpg&#8220; image_size=&#8220;full&#8220; margin_bottom=&#8220;40&#8243;][mk_fancy_title tag_name=&#8220;h4&#8243; color=&#8220;#454545&#8243; size=&#8220;16&#8243; font_weight=&#8220;600&#8243; txt_transform=&#8220;uppercase&#8220; letter_spacing=&#8220;2&#8243; margin_bottom=&#8220;10&#8243; font_family=&#8220;none&#8220;]FERTIGBEARBEITUNG[\/mk_fancy_title][vc_column_text disable_pattern=&#8220;false&#8220; css=&#8220;.vc_custom_1528462725209{margin-bottom: 0px !important;}&#8220;]Den M\u00f6glichkeiten in Bezug auf die Fertigbearbeitung von Beton sind keine Grenzen gesetzt. Egal, ob bei Ihnen Verbund, Unterhalt, Lebensdauer oder \u00c4sthetik im Vordergrund stehen.[\/vc_column_text][\/vc_column][\/vc_row][vc_row][vc_column][mk_fancy_title tag_name=&#8220;h4&#8243; color=&#8220;#454545&#8243; size=&#8220;16&#8243; font_weight=&#8220;600&#8243; txt_transform=&#8220;uppercase&#8220; letter_spacing=&#8220;2&#8243; margin_top=&#8220;40&#8243; margin_bottom=&#8220;10&#8243; font_family=&#8220;none&#8220; align=&#8220;center&#8220;]<strong>&#8211; \u00a0<a href=\"\/techniques\" target=\"_blank\" rel=\"noopener\">Unsere Arbeitstechniken<\/a> &#8211;<\/strong>[\/mk_fancy_title][mk_padding_divider size=&#8220;160&#8243;][\/vc_column][\/vc_row][vc_row][vc_column width=&#8220;5\/12&#8243;][mk_padding_divider visibility=&#8220;hidden-tl&#8220;][mk_fancy_title tag_name=&#8220;h4&#8243; color=&#8220;#454545&#8243; size=&#8220;16&#8243; font_weight=&#8220;600&#8243; txt_transform=&#8220;uppercase&#8220; letter_spacing=&#8220;2&#8243; margin_bottom=&#8220;10&#8243; font_family=&#8220;none&#8220;]xl-b\u00e9tonnage[\/mk_fancy_title][mk_fancy_title tag_name=&#8220;h3&#8243; color=&#8220;#454545&#8243; size=&#8220;35&#8243; force_font_size=&#8220;true&#8220; size_tablet=&#8220;20&#8243; size_phone=&#8220;20&#8243; font_weight=&#8220;bold&#8220; txt_transform=&#8220;none&#8220; letter_spacing=&#8220;1&#8243; margin_bottom=&#8220;0&#8243; font_family=&#8220;none&#8220;]Von den Grossen bevorzugt[\/mk_fancy_title][vc_column_text disable_pattern=&#8220;false&#8220; margin_bottom=&#8220;40&#8243; css=&#8220;.vc_custom_1528462761378{margin-bottom: 40px !important;}&#8220;]\u00dcber die bekanntesten Bauunternehmen der Region, darunter Bernasconi, Grisoni-Zaugg oder Antiglio und Induni haben wir auf Grossbaustellen f\u00fcr Nespresso, Patek Philippe, Planzer (Pratteln), swisspor (Ch\u00e2tel-Saint-Denis) oder das neue Sportzentrum in Lausanne-Malley gearbeitet.[\/vc_column_text][\/vc_column][vc_column width=&#8220;7\/12&#8243;][mk_image src=&#8220;https:\/\/xl-betonnage.ch\/wp-content\/uploads\/2018\/04\/equipe-xlb.jpg&#8220; image_size=&#8220;full&#8220; margin_bottom=&#8220;0&#8243;][\/vc_column][\/vc_row][vc_row][vc_column][mk_padding_divider size=&#8220;200&#8243;][\/vc_column][\/vc_row][vc_row][vc_column width=&#8220;7\/12&#8243;][mk_image src=&#8220;https:\/\/xl-betonnage.ch\/wp-content\/uploads\/2018\/02\/portrait-omer-taskan.jpg&#8220; image_size=&#8220;full&#8220; margin_bottom=&#8220;0&#8243;][\/vc_column][vc_column width=&#8220;5\/12&#8243;][mk_padding_divider visibility=&#8220;hidden-tl&#8220;][mk_fancy_title tag_name=&#8220;h4&#8243; color=&#8220;#454545&#8243; size=&#8220;16&#8243; font_weight=&#8220;600&#8243; txt_transform=&#8220;uppercase&#8220; letter_spacing=&#8220;2&#8243; margin_bottom=&#8220;10&#8243; font_family=&#8220;none&#8220;]xl-b\u00e9tonnage[\/mk_fancy_title][mk_fancy_title tag_name=&#8220;h3&#8243; color=&#8220;#454545&#8243; size=&#8220;35&#8243; force_font_size=&#8220;true&#8220; size_tablet=&#8220;20&#8243; size_phone=&#8220;20&#8243; font_weight=&#8220;bold&#8220; txt_transform=&#8220;none&#8220; letter_spacing=&#8220;1&#8243; margin_bottom=&#8220;0&#8243; font_family=&#8220;none&#8220;]Unsere Firma ist seit 2001 der Schweizer Spezialist f\u00fcr Betonb\u00f6den.[\/mk_fancy_title][vc_column_text disable_pattern=&#8220;false&#8220; margin_bottom=&#8220;40&#8243; css=&#8220;.vc_custom_1528462775992{margin-bottom: 40px !important;}&#8220;]XL-B\u00c9TONNAGE ist Spezialist f\u00fcr Betonb\u00f6den und verf\u00fcgt \u00fcber lange Erfahrung und zahlreiche Referenzen. Wir arbeiten mit den neusten Techniken, pflegen aber dennoch das gute alte Handwerk.[\/vc_column_text][mk_fancy_title tag_name=&#8220;h4&#8243; color=&#8220;#454545&#8243; size=&#8220;16&#8243; font_weight=&#8220;600&#8243; txt_transform=&#8220;uppercase&#8220; letter_spacing=&#8220;2&#8243; margin_bottom=&#8220;10&#8243; font_family=&#8220;none&#8220;]<strong>&#8211; \u00a0<a href=\"\/entreprise\/\" target=\"_blank\" rel=\"noopener\">\u00dcber uns<\/a><\/strong>[\/mk_fancy_title][\/vc_column][\/vc_row][vc_row][vc_column][mk_padding_divider size=&#8220;100&#8243;][mk_padding_divider size=&#8220;100&#8243; visibility=&#8220;hidden-sm&#8220;][\/vc_column][\/vc_row][vc_row][vc_column width=&#8220;5\/12&#8243;][mk_fancy_title tag_name=&#8220;h5&#8243; color=&#8220;#454545&#8243; size=&#8220;16&#8243; line_height=&#8220;200&#8243; font_weight=&#8220;600&#8243; txt_transform=&#8220;uppercase&#8220; letter_spacing=&#8220;2&#8243; margin_bottom=&#8220;10&#8243; font_family=&#8220;none&#8220;]XL B\u00e9tonnage S\u00e0rl<br \/>\n<a href=\"https:\/\/goo.gl\/maps\/S6yXb7KGDLB2\" target=\"_blank\" rel=\"noopener\">ZI la Pussaz 15E <img decoding=\"async\" src=\"\/wp-content\/uploads\/2018\/02\/arrow.png\" alt=\"null\" \/><br \/>\n1510 Moudon<\/a><br \/>\n<a href=\"tel:+41223617348\" target=\"_blank\" rel=\"noopener\">T\u00e9l : 022 361 73 48<\/a> <img decoding=\"async\" src=\"\/wp-content\/uploads\/2018\/02\/arrow.png\" alt=\"null\" \/>[\/mk_fancy_title][\/vc_column][vc_column width=&#8220;7\/12&#8243;][mk_fancy_title color=&#8220;#454545&#8243; size=&#8220;54&#8243; force_font_size=&#8220;true&#8220; size_phone=&#8220;35&#8243; font_weight=&#8220;600&#8243; txt_transform=&#8220;capitalize&#8220; margin_bottom=&#8220;0&#8243; font_family=&#8220;none&#8220;]<a href=\"https:\/\/xl-betonnage.ch\/contact\/\">kontakt<\/a>[\/mk_fancy_title][vc_column_text disable_pattern=&#8220;false&#8220; margin_bottom=&#8220;100&#8243; visibility=&#8220;hidden-sm&#8220; css=&#8220;.vc_custom_1523521060530{margin-bottom: 40px !important;}&#8220;]\n<div style=\"font-size: 35px; color: #454545; line-height: 50px; font-weight: bold;\">info@xl-betonnage.ch<\/div>\n[\/vc_column_text][\/vc_column][\/vc_row][vc_row][vc_column][\/vc_column][\/vc_row]\n<\/div>","protected":false},"excerpt":{"rendered":"<p>[vc_row][vc_column][mk_padding_divider size=&#8220;80&#8243;][\/vc_column][\/vc_row][vc_row][vc_column width=&#8220;1\/4&#8243;][\/vc_column][vc_column width=&#8220;1\/2&#8243;][mk_fancy_title tag_name=&#8220;h1&#8243; color=&#8220;#454545&#8243; size=&#8220;64&#8243; force_font_size=&#8220;true&#8220; size_phone=&#8220;35&#8243; font_weight=&#8220;600&#8243; txt_transform=&#8220;none&#8220; margin_bottom=&#8220;0&#8243; font_family=&#8220;none&#8220; align=&#8220;center&#8220;]Wir sind Beton[\/mk_fancy_title][vc_column_text disable_pattern=&#8220;false&#8220; align=&#8220;center&#8220; css=&#8220;.vc_custom_1528462662184{margin-bottom: 0px !important;}&#8220;]XL B\u00c9TONNAGE ist Ihr Experte f\u00fcr Betonb\u00f6den. Wir arbeiten nach dem neusten Stand der Technik und sind Spezialist f\u00fcr Handwerk. Wir erstellen Ihre Industrieb\u00f6den mit hoher Pr\u00e4zision. Unser Know-how hinterl\u00e4sst sowohl bei der Vorbereitung als [&hellip;]<\/p>\n","protected":false},"author":1,"featured_media":159,"parent":0,"menu_order":0,"comment_status":"closed","ping_status":"closed","template":"","meta":{"footnotes":""},"class_list":["post-5","page","type-page","status-publish","has-post-thumbnail","hentry"],"yoast_head":"<!-- This site is optimized with the Yoast SEO plugin v26.7 - https:\/\/yoast.com\/wordpress\/plugins\/seo\/ -->\n<title>XL B\u00e9tonnage \u00bb Sp\u00e9cialiste des sols industriels et b\u00e9ton grandes surfaces.<\/title>\n<meta name=\"description\" content=\"\u00c0 la pointe de la technologie et sp\u00e9cialiste du travail de pr\u00e9cision, XL\u00a0B\u00c9TONNAGE est votre expert des sols en b\u00e9ton et de vos sols industriels.\" \/>\n<meta name=\"robots\" content=\"index, follow, max-snippet:-1, max-image-preview:large, max-video-preview:-1\" \/>\n<link rel=\"canonical\" href=\"https:\/\/xl-betonnage.ch\/\" \/>\n<meta property=\"og:locale\" content=\"de_DE\" \/>\n<meta property=\"og:type\" content=\"article\" \/>\n<meta property=\"og:title\" content=\"XL B\u00e9tonnage \u00bb Sp\u00e9cialiste des sols industriels et b\u00e9ton grandes surfaces.\" \/>\n<meta property=\"og:description\" content=\"\u00c0 la pointe de la technologie et sp\u00e9cialiste du travail de pr\u00e9cision, XL\u00a0B\u00c9TONNAGE est votre expert des sols en b\u00e9ton et de vos sols industriels.\" \/>\n<meta property=\"og:url\" content=\"https:\/\/xl-betonnage.ch\/\" \/>\n<meta property=\"og:site_name\" content=\"XL B\u00e9tonnage - Nous, c\u2019est le b\u00e9ton\" \/>\n<meta property=\"article:publisher\" content=\"https:\/\/www.facebook.com\/XL-B%c3%a9tonnage-370174199796938\/\" \/>\n<meta property=\"article:modified_time\" content=\"2018-06-08T13:20:12+00:00\" \/>\n<meta property=\"og:image\" content=\"https:\/\/xl-betonnage.ch\/wp-content\/uploads\/2018\/04\/coverwebsite.jpg\" \/>\n\t<meta property=\"og:image:width\" content=\"1600\" \/>\n\t<meta property=\"og:image:height\" content=\"1067\" \/>\n\t<meta property=\"og:image:type\" content=\"image\/jpeg\" \/>\n<meta name=\"twitter:card\" content=\"summary_large_image\" \/>\n<meta name=\"twitter:label1\" content=\"Gesch\u00e4tzte Lesezeit\" \/>\n\t<meta name=\"twitter:data1\" content=\"11\u00a0Minuten\" \/>\n<script type=\"application\/ld+json\" class=\"yoast-schema-graph\">{\"@context\":\"https:\/\/schema.org\",\"@graph\":[{\"@type\":\"WebPage\",\"@id\":\"https:\/\/xl-betonnage.ch\/\",\"url\":\"https:\/\/xl-betonnage.ch\/\",\"name\":\"XL B\u00e9tonnage \u00bb Sp\u00e9cialiste des sols industriels et b\u00e9ton grandes surfaces.\",\"isPartOf\":{\"@id\":\"https:\/\/xl-betonnage.ch\/#website\"},\"primaryImageOfPage\":{\"@id\":\"https:\/\/xl-betonnage.ch\/#primaryimage\"},\"image\":{\"@id\":\"https:\/\/xl-betonnage.ch\/#primaryimage\"},\"thumbnailUrl\":\"https:\/\/xl-betonnage.ch\/wp-content\/uploads\/2018\/04\/coverwebsite.jpg\",\"datePublished\":\"2017-01-30T13:55:34+00:00\",\"dateModified\":\"2018-06-08T13:20:12+00:00\",\"description\":\"\u00c0 la pointe de la technologie et sp\u00e9cialiste du travail de pr\u00e9cision, XL\u00a0B\u00c9TONNAGE est votre expert des sols en b\u00e9ton et de vos sols industriels.\",\"breadcrumb\":{\"@id\":\"https:\/\/xl-betonnage.ch\/#breadcrumb\"},\"inLanguage\":\"de\",\"potentialAction\":[{\"@type\":\"ReadAction\",\"target\":[\"https:\/\/xl-betonnage.ch\/\"]}]},{\"@type\":\"ImageObject\",\"inLanguage\":\"de\",\"@id\":\"https:\/\/xl-betonnage.ch\/#primaryimage\",\"url\":\"https:\/\/xl-betonnage.ch\/wp-content\/uploads\/2018\/04\/coverwebsite.jpg\",\"contentUrl\":\"https:\/\/xl-betonnage.ch\/wp-content\/uploads\/2018\/04\/coverwebsite.jpg\",\"width\":1600,\"height\":1067,\"caption\":\"DCIM100MEDIADJI_0031.JPG\"},{\"@type\":\"BreadcrumbList\",\"@id\":\"https:\/\/xl-betonnage.ch\/#breadcrumb\",\"itemListElement\":[{\"@type\":\"ListItem\",\"position\":1,\"name\":\"Accueil\",\"item\":\"https:\/\/xl-betonnage.ch\/\"},{\"@type\":\"ListItem\",\"position\":2,\"name\":\"Accueil\"}]},{\"@type\":\"WebSite\",\"@id\":\"https:\/\/xl-betonnage.ch\/#website\",\"url\":\"https:\/\/xl-betonnage.ch\/\",\"name\":\"XL B\u00e9tonnage - Nous, c\u2019est le b\u00e9ton\",\"description\":\"Sp\u00e9cialiste des sols industriels en b\u00e9ton grandes surfaces.\",\"publisher\":{\"@id\":\"https:\/\/xl-betonnage.ch\/#organization\"},\"potentialAction\":[{\"@type\":\"SearchAction\",\"target\":{\"@type\":\"EntryPoint\",\"urlTemplate\":\"https:\/\/xl-betonnage.ch\/?s={search_term_string}\"},\"query-input\":{\"@type\":\"PropertyValueSpecification\",\"valueRequired\":true,\"valueName\":\"search_term_string\"}}],\"inLanguage\":\"de\"},{\"@type\":\"Organization\",\"@id\":\"https:\/\/xl-betonnage.ch\/#organization\",\"name\":\"XL B\u00e9tonnage S\u00e0rl\",\"url\":\"https:\/\/xl-betonnage.ch\/\",\"logo\":{\"@type\":\"ImageObject\",\"inLanguage\":\"de\",\"@id\":\"https:\/\/xl-betonnage.ch\/#\/schema\/logo\/image\/\",\"url\":\"https:\/\/xl-betonnage.ch\/wp-content\/uploads\/2018\/04\/xl-betonnage-final.png\",\"contentUrl\":\"https:\/\/xl-betonnage.ch\/wp-content\/uploads\/2018\/04\/xl-betonnage-final.png\",\"width\":450,\"height\":405,\"caption\":\"XL B\u00e9tonnage S\u00e0rl\"},\"image\":{\"@id\":\"https:\/\/xl-betonnage.ch\/#\/schema\/logo\/image\/\"},\"sameAs\":[\"https:\/\/www.facebook.com\/XL-B\u00e9tonnage-370174199796938\/\"]}]}<\/script>\n<!-- \/ Yoast SEO plugin. -->","yoast_head_json":{"title":"XL B\u00e9tonnage \u00bb Sp\u00e9cialiste des sols industriels et b\u00e9ton grandes surfaces.","description":"\u00c0 la pointe de la technologie et sp\u00e9cialiste du travail de pr\u00e9cision, XL\u00a0B\u00c9TONNAGE est votre expert des sols en b\u00e9ton et de vos sols industriels.","robots":{"index":"index","follow":"follow","max-snippet":"max-snippet:-1","max-image-preview":"max-image-preview:large","max-video-preview":"max-video-preview:-1"},"canonical":"https:\/\/xl-betonnage.ch\/","og_locale":"de_DE","og_type":"article","og_title":"XL B\u00e9tonnage \u00bb Sp\u00e9cialiste des sols industriels et b\u00e9ton grandes surfaces.","og_description":"\u00c0 la pointe de la technologie et sp\u00e9cialiste du travail de pr\u00e9cision, XL\u00a0B\u00c9TONNAGE est votre expert des sols en b\u00e9ton et de vos sols industriels.","og_url":"https:\/\/xl-betonnage.ch\/","og_site_name":"XL B\u00e9tonnage - Nous, c\u2019est le b\u00e9ton","article_publisher":"https:\/\/www.facebook.com\/XL-B%c3%a9tonnage-370174199796938\/","article_modified_time":"2018-06-08T13:20:12+00:00","og_image":[{"width":1600,"height":1067,"url":"https:\/\/xl-betonnage.ch\/wp-content\/uploads\/2018\/04\/coverwebsite.jpg","type":"image\/jpeg"}],"twitter_card":"summary_large_image","twitter_misc":{"Gesch\u00e4tzte Lesezeit":"11\u00a0Minuten"},"schema":{"@context":"https:\/\/schema.org","@graph":[{"@type":"WebPage","@id":"https:\/\/xl-betonnage.ch\/","url":"https:\/\/xl-betonnage.ch\/","name":"XL B\u00e9tonnage \u00bb Sp\u00e9cialiste des sols industriels et b\u00e9ton grandes surfaces.","isPartOf":{"@id":"https:\/\/xl-betonnage.ch\/#website"},"primaryImageOfPage":{"@id":"https:\/\/xl-betonnage.ch\/#primaryimage"},"image":{"@id":"https:\/\/xl-betonnage.ch\/#primaryimage"},"thumbnailUrl":"https:\/\/xl-betonnage.ch\/wp-content\/uploads\/2018\/04\/coverwebsite.jpg","datePublished":"2017-01-30T13:55:34+00:00","dateModified":"2018-06-08T13:20:12+00:00","description":"\u00c0 la pointe de la technologie et sp\u00e9cialiste du travail de pr\u00e9cision, XL\u00a0B\u00c9TONNAGE est votre expert des sols en b\u00e9ton et de vos sols industriels.","breadcrumb":{"@id":"https:\/\/xl-betonnage.ch\/#breadcrumb"},"inLanguage":"de","potentialAction":[{"@type":"ReadAction","target":["https:\/\/xl-betonnage.ch\/"]}]},{"@type":"ImageObject","inLanguage":"de","@id":"https:\/\/xl-betonnage.ch\/#primaryimage","url":"https:\/\/xl-betonnage.ch\/wp-content\/uploads\/2018\/04\/coverwebsite.jpg","contentUrl":"https:\/\/xl-betonnage.ch\/wp-content\/uploads\/2018\/04\/coverwebsite.jpg","width":1600,"height":1067,"caption":"DCIM100MEDIADJI_0031.JPG"},{"@type":"BreadcrumbList","@id":"https:\/\/xl-betonnage.ch\/#breadcrumb","itemListElement":[{"@type":"ListItem","position":1,"name":"Accueil","item":"https:\/\/xl-betonnage.ch\/"},{"@type":"ListItem","position":2,"name":"Accueil"}]},{"@type":"WebSite","@id":"https:\/\/xl-betonnage.ch\/#website","url":"https:\/\/xl-betonnage.ch\/","name":"XL B\u00e9tonnage - Nous, c\u2019est le b\u00e9ton","description":"Sp\u00e9cialiste des sols industriels en b\u00e9ton grandes surfaces.","publisher":{"@id":"https:\/\/xl-betonnage.ch\/#organization"},"potentialAction":[{"@type":"SearchAction","target":{"@type":"EntryPoint","urlTemplate":"https:\/\/xl-betonnage.ch\/?s={search_term_string}"},"query-input":{"@type":"PropertyValueSpecification","valueRequired":true,"valueName":"search_term_string"}}],"inLanguage":"de"},{"@type":"Organization","@id":"https:\/\/xl-betonnage.ch\/#organization","name":"XL B\u00e9tonnage S\u00e0rl","url":"https:\/\/xl-betonnage.ch\/","logo":{"@type":"ImageObject","inLanguage":"de","@id":"https:\/\/xl-betonnage.ch\/#\/schema\/logo\/image\/","url":"https:\/\/xl-betonnage.ch\/wp-content\/uploads\/2018\/04\/xl-betonnage-final.png","contentUrl":"https:\/\/xl-betonnage.ch\/wp-content\/uploads\/2018\/04\/xl-betonnage-final.png","width":450,"height":405,"caption":"XL B\u00e9tonnage S\u00e0rl"},"image":{"@id":"https:\/\/xl-betonnage.ch\/#\/schema\/logo\/image\/"},"sameAs":["https:\/\/www.facebook.com\/XL-B\u00e9tonnage-370174199796938\/"]}]}},"_links":{"self":[{"href":"https:\/\/xl-betonnage.ch\/de\/wp-json\/wp\/v2\/pages\/5","targetHints":{"allow":["GET"]}}],"collection":[{"href":"https:\/\/xl-betonnage.ch\/de\/wp-json\/wp\/v2\/pages"}],"about":[{"href":"https:\/\/xl-betonnage.ch\/de\/wp-json\/wp\/v2\/types\/page"}],"author":[{"embeddable":true,"href":"https:\/\/xl-betonnage.ch\/de\/wp-json\/wp\/v2\/users\/1"}],"replies":[{"embeddable":true,"href":"https:\/\/xl-betonnage.ch\/de\/wp-json\/wp\/v2\/comments?post=5"}],"version-history":[{"count":19,"href":"https:\/\/xl-betonnage.ch\/de\/wp-json\/wp\/v2\/pages\/5\/revisions"}],"predecessor-version":[{"id":181,"href":"https:\/\/xl-betonnage.ch\/de\/wp-json\/wp\/v2\/pages\/5\/revisions\/181"}],"wp:featuredmedia":[{"embeddable":true,"href":"https:\/\/xl-betonnage.ch\/de\/wp-json\/wp\/v2\/media\/159"}],"wp:attachment":[{"href":"https:\/\/xl-betonnage.ch\/de\/wp-json\/wp\/v2\/media?parent=5"}],"curies":[{"name":"wp","href":"https:\/\/api.w.org\/{rel}","templated":true}]}}